{"id":39,"date":"2019-10-18T13:50:57","date_gmt":"2019-10-18T11:50:57","guid":{"rendered":"https:\/\/benzinampel.de\/blog\/reisen\/?page_id=39"},"modified":"2019-10-18T15:18:58","modified_gmt":"2019-10-18T13:18:58","slug":"motorradtouren","status":"publish","type":"page","link":"https:\/\/benzinampel.de\/blog\/reisen\/motorradtouren\/","title":{"rendered":"Motorradtouren"},"content":{"rendered":"<p><span style=\"width: 100%;\"><a href=\"https:\/\/benzinampel.de\/blog\/reisen\/\"><img loading=\"lazy\" decoding=\"async\" alt=\"\" width=\"300\" height=\"80\" title=\"Reiseblogg\" data-id=\"49\" src=\"https:\/\/benzinampel.de\/blog\/reisen\/wp-content\/uploads\/sites\/2\/2019\/10\/Reiseblogg.png\" style=\"width: 100%;\"><\/a><\/span><a href=\"https:\/\/benzinampel.de\/blog\/reisen\/campingreisen\/\"><span><span>Campingreisen<\/span><\/span><\/a><a href=\"https:\/\/benzinampel.de\/blog\/reisen\/staedtereisen\/\"><span><span>St\u00e4dtereisen<\/span><\/span><\/a><a href=\"https:\/\/benzinampel.de\/blog\/reisen\/motorradtouren\/\"><span><span>Motorrradtouren<\/span><\/span><\/a><a href=\"https:\/\/benzinampel.de\/blog\/reisen\/veranstaltungsreisen\/\"><span><span>Veranstaltungsreisen<\/span><\/span><\/a><\/p>\n<h1>Inspirationen und Tipps rund um Motorradtouren<\/h1>\n<p>Lust wieder einmal auf das Bike zu steigen und die Freiheit zu genie\u00dfen? Nur wohin? Zu dieser Frage wird Sie unsere Kategorie Motorradtouren sicher inspiereren. Au\u00dferdem gibt es auch Tipps und Sparm\u00f6glichkeiten zu entdecken.&nbsp;<\/p>\n<h2>Unsere neusten Beitr\u00e4ge:<\/h2>\n<div class=\"tcb-post-list tve-content-list empty-list thrv_wrapper\" data-type=\"grid\" data-pagination-type=\"none\" data-pages_near_current=\"2\" data-css=\"tve-u-16dde5e7b60\" data-total_post_count=\"0\" data-no_posts_text=\"There are no posts to display.\" data-total_sticky_count=\"0\"><article id=\"post-39\" class=\"post-39 page type-page status-publish hentry post-wrapper thrv_wrapper thrive-animated-item  tve_evt_manager_listen tve_ea_thrive_animation tve_et_mouseover tve_ea_thrive_animation tve_ea_thrive_animation tve_ea_thrive_animation tve_ea_thrive_animation tve_ea_thrive_animation tve_ea_thrive_animation tve_ea_thrive_animation tve_ea_thrive_animation tve_ea_thrive_animation tve_ea_thrive_animation tve_ea_thrive_animation tve_ea_thrive_animation tve_ea_thrive_animation tve_ea_thrive_animation tve_anim_sweep_to_bottom\" tcb_hover_state_parent=\"\" class=\"tve_evt_manager_listen tve_ea_thrive_animation tve_et_mouseover tve_ea_thrive_animation tve_ea_thrive_animation tve_ea_thrive_animation tve_ea_thrive_animation tve_ea_thrive_animation tve_ea_thrive_animation tve_ea_thrive_animation tve_ea_thrive_animation tve_ea_thrive_animation tve_ea_thrive_animation tve_ea_thrive_animation tve_ea_thrive_animation tve_ea_thrive_animation tve_ea_thrive_animation tve_anim_sweep_to_bottom\" data-id=\"39\" data-selector=\".post-wrapper\" data-tcb-events=\"__TCB_EVENT_[{&quot;t&quot;:&quot;mouseover&quot;,&quot;config&quot;:{&quot;anim&quot;:&quot;sweep_to_bottom&quot;,&quot;loop&quot;:1},&quot;a&quot;:&quot;thrive_animation&quot;}]_TNEVE_BCT__\"><style class=\"tcb-post-list-dynamic-style\" type=\"text\/css\">@media (min-width: 300px){[].tcb-post-list #post-39 []{background-image: linear-gradient(rgba(0, 0, 0, 0.7) 0%, rgba(255, 255, 255, 0) 32%), url(&#8222;https:\/\/benzinampel.de\/blog\/reisen\/wp-content\/plugins\/thrive-visual-editor\/editor\/css\/images\/featured_image.png&#8222;) !important;}}<\/style><a href=\"https:\/\/benzinampel.de\/blog\/reisen\/motorradtouren\/\" dynamic-postlink=\"tcb_post_the_permalink\" data-shortcode-id=\"31\"><p class=\"tcb-post-date tcb-shortcode thrv_wrapper\" data-type=\"published\" data-css=\"tve-u-16dde5e7b69\"><time>18. Oktober 2019 13:50<\/time><\/p><\/a><h2 class=\"tcb-post-title tcb-shortcode thrv_wrapper\" data-css=\"tve-u-16dde5e7b6b\"><a href=\"https:\/\/benzinampel.de\/blog\/reisen\/motorradtouren\/\" title=\"Motorradtouren\" data-css=\"tve-u-16dde5e7b6b\">Motorradtouren<\/a><\/h2><a href=\"https:\/\/benzinampel.de\/blog\/reisen\/motorradtouren\/\"><span>                    <\/span><span><span>Read More<\/span><\/span><\/a><\/article><\/div>\n<p><a href=\"https:\/\/benzinampel.de\/impressum.html\" target=\"_blank\" rel=\"noopener noreferrer\">Impressum<\/a><\/p>\n<p><a href=\"https:\/\/benzinampel.de\/datenschutz.html\" target=\"_blank\" rel=\"noopener noreferrer\">Datenschutz<\/a><\/p>\n<p><a href=\"mailto:support@benzinampel.de\" target=\"_blank\" rel=\"noopener noreferrer\">Kontakt<\/a><\/p>\n<p style=\"text-align: center;\">Copyright \u00a92019 Konzept Steinheimer GmbH<\/p>\n<p><span>Insert Content Template or Symbol<\/span><\/p>\n","protected":false},"excerpt":{"rendered":"<p>CampingreisenSt\u00e4dtereisenMotorrradtourenVeranstaltungsreisen Inspirationen und Tipps rund um Motorradtouren Lust wieder einmal auf das Bike zu steigen und die Freiheit zu genie\u00dfen? Nur wohin? Zu dieser Frage wird Sie unsere Kategorie Motorradtouren sicher inspiereren. Au\u00dferdem gibt es auch Tipps und Sparm\u00f6glichkeiten zu entdecken.&nbsp; Unsere neusten Beitr\u00e4ge: Impressum Datenschutz Kontakt Copyright \u00a92019 Konzept Steinheimer GmbH Insert Content Template [&hellip;]<\/p>\n","protected":false},"author":1,"featured_media":0,"parent":0,"menu_order":0,"comment_status":"closed","ping_status":"closed","template":"blank-page.php","meta":{"_monsterinsights_skip_tracking":false,"_monsterinsights_sitenote_active":false,"_monsterinsights_sitenote_note":"","_monsterinsights_sitenote_category":0,"footnotes":""},"_links":{"self":[{"href":"https:\/\/benzinampel.de\/blog\/reisen\/wp-json\/wp\/v2\/pages\/39"}],"collection":[{"href":"https:\/\/benzinampel.de\/blog\/reisen\/wp-json\/wp\/v2\/pages"}],"about":[{"href":"https:\/\/benzinampel.de\/blog\/reisen\/wp-json\/wp\/v2\/types\/page"}],"author":[{"embeddable":true,"href":"https:\/\/benzinampel.de\/blog\/reisen\/wp-json\/wp\/v2\/users\/1"}],"replies":[{"embeddable":true,"href":"https:\/\/benzinampel.de\/blog\/reisen\/wp-json\/wp\/v2\/comments?post=39"}],"version-history":[{"count":0,"href":"https:\/\/benzinampel.de\/blog\/reisen\/wp-json\/wp\/v2\/pages\/39\/revisions"}],"wp:attachment":[{"href":"https:\/\/benzinampel.de\/blog\/reisen\/wp-json\/wp\/v2\/media?parent=39"}],"curies":[{"name":"wp","href":"https:\/\/api.w.org\/{rel}","templated":true}]}}